{"id":43,"date":"2017-03-21T07:49:51","date_gmt":"2017-03-21T06:49:51","guid":{"rendered":"http:\/\/koi-futterautomat.de\/?page_id=43"},"modified":"2018-01-14T04:39:19","modified_gmt":"2018-01-14T03:39:19","slug":"koi-futterautomat","status":"publish","type":"page","link":"https:\/\/koi-futterautomat.de\/","title":{"rendered":"Koi Futterautomat"},"content":{"rendered":"<div id=\"pl-43\"  class=\"panel-layout\" ><div id=\"pg-43-0\"  class=\"panel-grid panel-no-style\" ><div id=\"pgc-43-0-0\"  class=\"panel-grid-cell\" ><div id=\"panel-43-0-0-0\" class=\"so-panel widget widget_sow-image panel-first-child panel-last-child\" data-index=\"0\" ><div\n\t\t\t\n\t\t\tclass=\"so-widget-sow-image so-widget-sow-image-default-4b231843ec72-43\"\n\t\t\t\n\t\t>\n\n<div class=\"sow-image-container\">\n\t\t\t<a href=\"https:\/\/koi-futterautomat.de\/index.php\/vergleich\/\"\n\t\t\t\t\t>\n\t\t\t<img src=\"https:\/\/koi-futterautomat.de\/wp-content\/uploads\/2017\/03\/Koi-fuetterautomat-futter-teich.jpg\" width=\"1600\" height=\"457\" srcset=\"https:\/\/koi-futterautomat.de\/wp-content\/uploads\/2017\/03\/Koi-fuetterautomat-futter-teich.jpg 1600w, https:\/\/koi-futterautomat.de\/wp-content\/uploads\/2017\/03\/Koi-fuetterautomat-futter-teich-300x86.jpg 300w, https:\/\/koi-futterautomat.de\/wp-content\/uploads\/2017\/03\/Koi-fuetterautomat-futter-teich-768x219.jpg 768w, https:\/\/koi-futterautomat.de\/wp-content\/uploads\/2017\/03\/Koi-fuetterautomat-futter-teich-1024x292.jpg 1024w, https:\/\/koi-futterautomat.de\/wp-content\/uploads\/2017\/03\/Koi-fuetterautomat-futter-teich-50x14.jpg 50w\" sizes=\"(max-width: 1600px) 100vw, 1600px\" alt=\"Koi-fuetterautomat-futter-teich\" loading=\"lazy\" \t\tclass=\"so-widget-image\"\/>\n\t<\/a><\/div>\n\n<\/div><\/div><\/div><\/div><div id=\"pg-43-1\"  class=\"panel-grid panel-no-style\" ><div id=\"pgc-43-1-0\"  class=\"panel-grid-cell panel-grid-cell-mobile-last\" ><div id=\"panel-43-1-0-0\" class=\"so-panel widget widget_sow-editor panel-first-child panel-last-child\" data-index=\"1\" ><div\n\t\t\t\n\t\t\tclass=\"so-widget-sow-editor so-widget-sow-editor-base\"\n\t\t\t\n\t\t>\n<div class=\"siteorigin-widget-tinymce textwidget\">\n\t<h2 style=\"text-align: center;\"><span style=\"font-size: 24pt; color: #ff6e00; font-family: 'times new roman', times, serif;\">Koi Futterautomaten - Infos, Empfehlungen &amp;&nbsp;Neuigkeiten<\/span><\/h2>\n<\/div>\n<\/div><\/div><\/div><div id=\"pgc-43-1-1\"  class=\"panel-grid-cell panel-grid-cell-empty\" ><\/div><\/div><div id=\"pg-43-2\"  class=\"panel-grid panel-no-style\" ><div id=\"pgc-43-2-0\"  class=\"panel-grid-cell\" ><div id=\"panel-43-2-0-0\" class=\"so-panel widget widget_sow-editor panel-first-child panel-last-child\" data-index=\"2\" ><div class=\"panel-widget-style panel-widget-style-for-43-2-0-0\" ><div\n\t\t\t\n\t\t\tclass=\"so-widget-sow-editor so-widget-sow-editor-base\"\n\t\t\t\n\t\t>\n<div class=\"siteorigin-widget-tinymce textwidget\">\n\t<p><span style=\"font-size: 14pt; font-family: helvetica, arial, sans-serif;\">F\u00fcr die Gesundheit und das Wachstum Deiner Koi ist eine regelm\u00e4\u00dfige F\u00fctterung enorm wichtig. Grunds\u00e4tzlich sollten Deine&nbsp;Kois 2-4 Mal t\u00e4glich&nbsp;mit einer kleinen Menge Futter versorgt werden. Hierbei ist ein Koi Futterautomat sehr hilfreich! In vorgegebenen Intervallen gibt ein Koi Futterautomat eine festgelegte Menge Futter in den Teich und versorgt Deine geliebten&nbsp;Teichbewohner somit voll automatisch! So ist&nbsp;auch Deine n\u00e4chste Urlaubsreise kein Problem mehr, denn Deine Kois erhalten ihr Futter.&nbsp;<\/span><\/p>\n<p><span style=\"font-family: helvetica, arial, sans-serif; font-size: 14pt;\">Was Du vor dem Kauf beachten musst, welcher Futterautomat im <a href=\"http:\/\/koi-futterautomat.de\/index.php\/vergleich\/\">Vergleich<\/a> am Besten abschneidet&nbsp;und vieles mehr&nbsp;erf\u00e4hrst Du auf dieser Webseite!<\/span><\/p>\n<\/div>\n<\/div><\/div><\/div><\/div><div id=\"pgc-43-2-1\"  class=\"panel-grid-cell\" ><div id=\"panel-43-2-1-0\" class=\"so-panel widget widget_sow-editor panel-first-child panel-last-child\" data-index=\"3\" ><div class=\"panel-widget-style panel-widget-style-for-43-2-1-0\" ><div\n\t\t\t\n\t\t\tclass=\"so-widget-sow-editor so-widget-sow-editor-base\"\n\t\t\t\n\t\t>\n<div class=\"siteorigin-widget-tinymce textwidget\">\n\t<div class=\"atkp-container atkp-box-box atkp-left atkp-clearfix\">\r\n                        <div class=\"atkp-box atkp-clearfix atkp-smallbox \"\r\n                 style=\"\">\r\n                <div class=\"atkp-predicateheadline atkp-predicate-highlight\">\r\n                    <span><\/span><\/div>\r\n                <div class=\"atkp-thumb\">\r\n                                            <img class=\"atkp-image\" src=\"https:\/\/m.media-amazon.com\/images\/I\/31u94bO9R-L._SL160_.jpg\"\r\n                             alt=\"XClear Fish Feeder Futterautomat, 7 L\"\/>\r\n                                                        <\/div>\r\n                <div class=\"atkp-content\">\r\n                                            <a class=\"atkp-title\" href=\"https:\/\/www.amazon.de\/dp\/B01HQ6KHS0?tag=trekkingfiebe-21&linkCode=ogi&th=1&psc=1\" rel=\"sponsored nofollow noopener\" target=\"_blank\"  title=\"Jetzt kaufen bei Amazon (134)\">XClear Fish Feeder Futterautomat, 7 L*<\/a>\r\n                                        <div class=\"atkp-author\">von Sibo B.V.<\/div>\r\n                                            <div class=\"atkp-shoplogo\">Amazon (134)<\/div>\r\n                                    <\/div>\r\n                <div class=\"atkp-bottom\">\r\n                                            <span class=\"atkp-price atkp-listprice\"><\/span>\r\n                                                                <span class=\"atkp-price atkp-savedamount\"><\/span>\r\n                                                                <span class=\"atkp-price atkp-saleprice\"><a href=\"https:\/\/www.amazon.de\/gp\/prime\/?primeCampaignId=prime_assoc_ft&tag=trekkingfiebe-21&camp=4510&creative=670002&linkCode=ur1&adid=07VBBZ76N7ZKENHMQCDR\" rel=\"sponsored nofollow noopener\" target=\"_blank\" title=\"Mehr \u00fcber Prime erfahren\"><img src=\"https:\/\/koi-futterautomat.de\/wp-content\/plugins\/affiliate-toolkit-starter\/child-plugins\/affiliate-toolkit-amazon\/images\/prime_amazon.png\" alt=\"Prime\"\/><\/a>\r\n                            &nbsp;Preis: &euro; 177,00\r\n                                                            <span class=\"atkp_price atkp-baseprice\"><\/span>\r\n                                                    <\/span>\r\n                                                                        <a href=\"https:\/\/www.amazon.de\/dp\/B01HQ6KHS0?tag=trekkingfiebe-21&linkCode=ogi&th=1&psc=1\" rel=\"sponsored nofollow noopener\" target=\"_blank\"  title=\"Jetzt kaufen bei Amazon (134)\" class=\"atkp-button\">Jetzt auf Amazon kaufen*<\/a>\r\n                                                                <span class=\"atkp-priceinfo\">Preis inkl. MwSt., zzgl. Versandkosten<\/span>\r\n                <\/div>\r\n            <\/div>\r\n        \r\n                    <span class=\"atkp-disclaimer atkp-small-disclaimer\"><\/span>\r\n            <\/div>\r\n\r\n\r\n\n<\/div>\n<\/div><\/div><\/div><\/div><\/div><div id=\"pg-43-3\"  class=\"panel-grid panel-no-style\" ><div id=\"pgc-43-3-0\"  class=\"panel-grid-cell\" ><div id=\"panel-43-3-0-0\" class=\"so-panel widget widget_sow-editor panel-first-child panel-last-child\" data-index=\"4\" ><div\n\t\t\t\n\t\t\tclass=\"so-widget-sow-editor so-widget-sow-editor-base\"\n\t\t\t\n\t\t>\n<div class=\"siteorigin-widget-tinymce textwidget\">\n\t<h2><span style=\"font-family: helvetica, arial, sans-serif; font-size: 18pt;\"><a href=\"http:\/\/koi-futterautomat.de\/index.php\/bestseller\/\">Bestseller<\/a><\/span><\/h2>\n<p><span style=\"font-family: helvetica, arial, sans-serif; font-size: 12pt;\">Auflistung der<a href=\"http:\/\/koi-futterautomat.de\/index.php\/bestseller\/\">&nbsp;am h\u00e4ufigsten gekauften&nbsp;Koi Futterautomaten.<\/a>&nbsp;<\/span><span style=\"font-family: helvetica, arial, sans-serif; font-size: 12pt;\">Zudem gibt es zu&nbsp;den beliebtesten Futterautomaten eine Bewertung.<\/span><\/p>\n<\/div>\n<\/div><\/div><\/div><div id=\"pgc-43-3-1\"  class=\"panel-grid-cell\" ><div id=\"panel-43-3-1-0\" class=\"so-panel widget widget_sow-editor panel-first-child panel-last-child\" data-index=\"5\" ><div\n\t\t\t\n\t\t\tclass=\"so-widget-sow-editor so-widget-sow-editor-base\"\n\t\t\t\n\t\t>\n<div class=\"siteorigin-widget-tinymce textwidget\">\n\t<h2><a href=\"https:\/\/koi-futterautomat.de\/index.php\/category\/test\/\"><span style=\"font-family: helvetica, arial, sans-serif; font-size: 18pt; color: #ff6e00;\">Koi Futterautomat Test<\/span><\/a><\/h2>\n<p><span style=\"font-family: helvetica, arial, sans-serif; font-size: 12pt;\">Hier findest Du einen gro\u00dfen <a href=\"https:\/\/koi-futterautomat.de\/index.php\/category\/koi-futterautomat-test\/\">Koi Futterautomat Test<\/a>! Die beliebtesten Koi Futterautomaten mit <a href=\"https:\/\/koi-futterautomat.de\/index.php\/category\/koi-futterautomat-test\/\">ausf\u00fchrlichem Testbericht<\/a>.<\/span><\/p>\n<\/div>\n<\/div><\/div><\/div><\/div><div id=\"pg-43-4\"  class=\"panel-grid panel-no-style\" ><div id=\"pgc-43-4-0\"  class=\"panel-grid-cell\" ><div id=\"panel-43-4-0-0\" class=\"so-panel widget widget_sow-editor panel-first-child panel-last-child\" data-index=\"6\" ><div\n\t\t\t\n\t\t\tclass=\"so-widget-sow-editor so-widget-sow-editor-base\"\n\t\t\t\n\t\t>\n<div class=\"siteorigin-widget-tinymce textwidget\">\n\t<h2 style=\"text-align: left;\"><span style=\"font-family: helvetica, arial, sans-serif; font-size: 18pt;\"><a href=\"http:\/\/koi-futterautomat.de\/index.php\/ratgeber\/\">Ratgeber<\/a><\/span><\/h2>\n<p style=\"text-align: left;\"><span style=\"font-family: helvetica, arial, sans-serif; font-size: 12pt;\">Je nach\u00a0Einsatzgebiet gibt es unterschiedliche Anforderungen an einen Koi Futterautomat.\u00a0<\/span><span style=\"font-family: helvetica, arial, sans-serif; font-size: 12pt;\">Hier findest Du einen Ratgeber und Produktempfehlungen.<\/span><\/p>\n<\/div>\n<\/div><\/div><\/div><div id=\"pgc-43-4-1\"  class=\"panel-grid-cell\" ><div id=\"panel-43-4-1-0\" class=\"so-panel widget widget_sow-editor panel-first-child panel-last-child\" data-index=\"7\" ><div\n\t\t\t\n\t\t\tclass=\"so-widget-sow-editor so-widget-sow-editor-base\"\n\t\t\t\n\t\t>\n<div class=\"siteorigin-widget-tinymce textwidget\">\n\t<h2><span style=\"font-size: 18pt;\"><a href=\"http:\/\/koi-futterautomat.de\/index.php\/vergleich\/\"><span style=\"font-family: helvetica, arial, sans-serif;\">Vergleich<\/span><\/a><\/span><\/h2>\n<p><span style=\"font-family: helvetica, arial, sans-serif; font-size: 12pt;\">Ein Vergleich der beliebtesten Koi Futterautomaten. Die direkte Gegen\u00fcberstellung der technischen Daten erleichtert Dir die Entscheidung.<\/span><\/p>\n<\/div>\n<\/div><\/div><\/div><\/div><div id=\"pg-43-5\"  class=\"panel-grid panel-no-style\" ><div id=\"pgc-43-5-0\"  class=\"panel-grid-cell\" ><div id=\"panel-43-5-0-0\" class=\"widget_text so-panel widget widget_custom_html panel-first-child panel-last-child\" data-index=\"8\" ><div class=\"textwidget custom-html-widget\"><div class=\"spacer spacer-xs \"><\/div><\/div><\/div><\/div><\/div><div id=\"pg-43-6\"  class=\"panel-grid panel-no-style\" ><div id=\"pgc-43-6-0\"  class=\"panel-grid-cell\" ><div id=\"panel-43-6-0-0\" class=\"widget_text so-panel widget widget_custom_html panel-first-child\" data-index=\"9\" ><div class=\"textwidget custom-html-widget\"><div class=\"title\"><h2> Beliebte Testberichte <\/h2><\/div><\/div><\/div><div id=\"panel-43-6-0-1\" class=\"widget_text so-panel widget widget_custom_html\" data-index=\"10\" ><div class=\"textwidget custom-html-widget\"><div class=\"widget widget__sidebar widget_posts no-bottom-margin\"><ul class=\"widget-posts-list\"><li><figure class=\"thumb\"><a href=\"https:\/\/koi-futterautomat.de\/index.php\/wiltec-cff-206-koi-futterautomat\/\" title=\"Wiltec CFF-206 Koi Futterautomat\"><img src=\"https:\/\/koi-futterautomat.de\/wp-content\/uploads\/2022\/12\/Koi-Fuetterung-Futterautomat-272x172.jpeg\" alt=\"\" class=\"alignnone\"><\/a><\/figure><h5 class=\"post-title post-title__bold\"><a href=\"https:\/\/koi-futterautomat.de\/index.php\/wiltec-cff-206-koi-futterautomat\/\" title=\"Wiltec CFF-206 Koi Futterautomat\">Wiltec CFF-206 Koi Futterautomat<\/a><\/h3><span class=\"date\">5. Dezember 2022<\/span><div class=\"post-excerpt\"><p>Der Fischfutterautomat Wiltec CFF-206 ist solarbetrieben und verf\u00fcgt \u00fcber eine Lithiumbatterie. Er kann so programmiert werden, dass er bis zu 6 F\u00fctterungen pro Tag ausgibt, wobei jede F\u00fctterung bis zu 20 Sekunden dauert. Der Winkel des Ausgabekegels kann von 0\u00b0 (horizontal) bis 120\u00b0 eingestellt werden. Die Entfernung, die das Futter... <\/p><\/div><\/li><li><figure class=\"thumb\"><a href=\"https:\/\/koi-futterautomat.de\/index.php\/fuetterung-von-kois-im-winter-wie-viel-und-wie-oft-sollte-ich-fuettern\/\" title=\"F\u00fctterung von Kois im Winter &#8211; Wie viel und wie oft sollte ich f\u00fcttern?\"><img src=\"https:\/\/koi-futterautomat.de\/wp-content\/uploads\/2022\/12\/Koi-Fuetterung-Futterautomat-272x172.jpeg\" alt=\"\" class=\"alignnone\"><\/a><\/figure><h5 class=\"post-title post-title__bold\"><a href=\"https:\/\/koi-futterautomat.de\/index.php\/fuetterung-von-kois-im-winter-wie-viel-und-wie-oft-sollte-ich-fuettern\/\" title=\"F\u00fctterung von Kois im Winter &#8211; Wie viel und wie oft sollte ich f\u00fcttern?\">F\u00fctterung von Kois im Winter &#8211; Wie viel und wie oft sollte ich f\u00fcttern?<\/a><\/h3><span class=\"date\">5. Dezember 2022<\/span><div class=\"post-excerpt\"><p>Wenn Sie einen Koi-Teich besitzen, stellen Sie sich jetzt vermutlich die Frage, wie Sie Ihre Fische im Winter f\u00fcttern sollen. Dies ist keine ungew\u00f6hnliche Frage, da sich die meisten Menschen nicht sicher sind, ob und wie viel sie ihre Fische f\u00fcttern sollen, wenn die Temperaturen sinken. In diesem Blog-Post erfahren... <\/p><\/div><\/li><li><figure class=\"thumb\"><a href=\"https:\/\/koi-futterautomat.de\/index.php\/aquaforte-automatic-fish-feeder\/\" title=\"AquaForte Koi Futterautomat im Test\"><img src=\"https:\/\/koi-futterautomat.de\/wp-content\/uploads\/2017\/03\/Xclear-koi-futterautomat-test-272x172.jpg\" alt=\"\" class=\"alignnone\"><\/a><\/figure><h5 class=\"post-title post-title__bold\"><a href=\"https:\/\/koi-futterautomat.de\/index.php\/aquaforte-automatic-fish-feeder\/\" title=\"AquaForte Koi Futterautomat im Test\">AquaForte Koi Futterautomat im Test<\/a><\/h3><span class=\"date\">12. Dezember 2021<\/span><div class=\"post-excerpt\"><p>Der \"Aquaforte Automatic Fish Feeder\" firmierte bisher unter dem Namen \"Xclear Koi Futterautomat\" und war unser klarer Preis-\/Leistungssieger. Jetzt hat der beliebte Koifutterautomat ein weiteres Update erhalten.\r\nDer Aquaforte Automatic Fish Feeder ist ein professioneller Futterautomat, der sowohl f\u00fcr die Haltung von Kois, als auch f\u00fcr andere Teichfische geeignet ist.... <\/p><\/div><\/li><\/ul><\/div><\/div><\/div><div id=\"panel-43-6-0-2\" class=\"widget_text so-panel widget widget_custom_html panel-last-child\" data-index=\"11\" ><div class=\"textwidget custom-html-widget\"><div class=\"spacer spacer-normal \"><\/div><\/div><\/div><\/div><\/div><div id=\"pg-43-7\"  class=\"panel-grid panel-no-style\" ><div id=\"pgc-43-7-0\"  class=\"panel-grid-cell\" ><div id=\"panel-43-7-0-0\" class=\"widget_text so-panel widget widget_custom_html panel-first-child panel-last-child\" data-index=\"12\" ><div class=\"textwidget custom-html-widget\"><div class=\"cta cta__default cta__ver\"><div class=\"cta-txt-wrap \"><div class=\"cta-txt\">Die beliebtesten Futterautomaten<\/div><div class=\"cta-subtitle\">Sieh Dir jetzt die Top 7 Futterautomaten aller Koifreunde an<\/div><\/div><div class=\"cta-btn \"><a href=\"https:\/\/koi-futterautomat.de\/index.php\/bestseller\/\" class=\"btn btn-primary\">Hier klicken<\/a><\/div><\/div><\/div><\/div><\/div><div id=\"pgc-43-7-1\"  class=\"panel-grid-cell\" ><div id=\"panel-43-7-1-0\" class=\"widget_text so-panel widget widget_custom_html panel-first-child panel-last-child\" data-index=\"13\" ><div class=\"textwidget custom-html-widget\"><div class=\"cta cta__default cta__ver\"><div class=\"cta-txt-wrap \"><div class=\"cta-txt\">Futterautomaten Vergleich<\/div><div class=\"cta-subtitle\">Die besten Koi Futterautomaten im direkten Vergleich<\/div><\/div><div class=\"cta-btn \"><a href=\"https:\/\/koi-futterautomat.de\/index.php\/vergleich\/\" class=\"btn btn-primary\">Hier klicken<\/a><\/div><\/div><\/div><\/div><\/div><\/div><\/div>","protected":false},"excerpt":{"rendered":"<p>Koi Futterautomaten &#8211; Infos, Empfehlungen &amp;&nbsp;Neuigkeiten<\/p>\n","protected":false},"author":2,"featured_media":0,"parent":0,"menu_order":0,"comment_status":"closed","ping_status":"closed","template":"","meta":[],"yoast_head":"<!-- This site is optimized with the Yoast SEO plugin v19.11 - https:\/\/yoast.com\/wordpress\/plugins\/seo\/ -->\n<title>Koi Futterautomat - Bestseller &amp;#10003 Vergleiche &amp;#10003 Testberichte &amp;#10003<\/title>\n<meta name=\"description\" content=\"Du bist auf der Suche nach einem Koi Futterautomaten? Bestseller &amp;#10003 Vergleiche &amp;#10003 Testberichte &amp;#10003 Alles Wichtige findest Du hier!\" \/>\n<meta name=\"robots\" content=\"index, follow, max-snippet:-1, max-image-preview:large, max-video-preview:-1\" \/>\n<link rel=\"canonical\" href=\"https:\/\/koi-futterautomat.de\/\" \/>\n<meta property=\"og:locale\" content=\"de_DE\" \/>\n<meta property=\"og:type\" content=\"article\" \/>\n<meta property=\"og:title\" content=\"Koi Futterautomat - Bestseller &amp;#10003 Vergleiche &amp;#10003 Testberichte &amp;#10003\" \/>\n<meta property=\"og:description\" content=\"Du bist auf der Suche nach einem Koi Futterautomaten? Bestseller &amp;#10003 Vergleiche &amp;#10003 Testberichte &amp;#10003 Alles Wichtige findest Du hier!\" \/>\n<meta property=\"og:url\" content=\"https:\/\/koi-futterautomat.de\/\" \/>\n<meta property=\"og:site_name\" content=\"Koi-Futterautomat\" \/>\n<meta property=\"article:modified_time\" content=\"2018-01-14T03:39:19+00:00\" \/>\n<meta name=\"twitter:card\" content=\"summary_large_image\" \/>\n<meta name=\"twitter:label1\" content=\"Gesch\u00e4tzte Lesezeit\" \/>\n\t<meta name=\"twitter:data1\" content=\"1\u00a0Minute\" \/>\n<script type=\"application\/ld+json\" class=\"yoast-schema-graph\">{\"@context\":\"https:\/\/schema.org\",\"@graph\":[{\"@type\":\"WebPage\",\"@id\":\"https:\/\/koi-futterautomat.de\/\",\"url\":\"https:\/\/koi-futterautomat.de\/\",\"name\":\"Koi Futterautomat - Bestseller &#10003 Vergleiche &#10003 Testberichte &#10003\",\"isPartOf\":{\"@id\":\"https:\/\/koi-futterautomat.de\/#website\"},\"datePublished\":\"2017-03-21T06:49:51+00:00\",\"dateModified\":\"2018-01-14T03:39:19+00:00\",\"description\":\"Du bist auf der Suche nach einem Koi Futterautomaten? Bestseller &#10003 Vergleiche &#10003 Testberichte &#10003 Alles Wichtige findest Du hier!\",\"breadcrumb\":{\"@id\":\"https:\/\/koi-futterautomat.de\/#breadcrumb\"},\"inLanguage\":\"de\",\"potentialAction\":[{\"@type\":\"ReadAction\",\"target\":[\"https:\/\/koi-futterautomat.de\/\"]}]},{\"@type\":\"BreadcrumbList\",\"@id\":\"https:\/\/koi-futterautomat.de\/#breadcrumb\",\"itemListElement\":[{\"@type\":\"ListItem\",\"position\":1,\"name\":\"Startseite\",\"item\":\"https:\/\/koi-futterautomat.de\/\"},{\"@type\":\"ListItem\",\"position\":2,\"name\":\"Koi Futterautomat\"}]},{\"@type\":\"WebSite\",\"@id\":\"https:\/\/koi-futterautomat.de\/#website\",\"url\":\"https:\/\/koi-futterautomat.de\/\",\"name\":\"Koi-Futterautomat\",\"description\":\"Futterautomaten f\u00fcr den Koiteich\",\"potentialAction\":[{\"@type\":\"SearchAction\",\"target\":{\"@type\":\"EntryPoint\",\"urlTemplate\":\"https:\/\/koi-futterautomat.de\/?s={search_term_string}\"},\"query-input\":\"required name=search_term_string\"}],\"inLanguage\":\"de\"}]}<\/script>\n<!-- \/ Yoast SEO plugin. -->","yoast_head_json":{"title":"Koi Futterautomat - Bestseller &#10003 Vergleiche &#10003 Testberichte &#10003","description":"Du bist auf der Suche nach einem Koi Futterautomaten? Bestseller &#10003 Vergleiche &#10003 Testberichte &#10003 Alles Wichtige findest Du hier!","robots":{"index":"index","follow":"follow","max-snippet":"max-snippet:-1","max-image-preview":"max-image-preview:large","max-video-preview":"max-video-preview:-1"},"canonical":"https:\/\/koi-futterautomat.de\/","og_locale":"de_DE","og_type":"article","og_title":"Koi Futterautomat - Bestseller &#10003 Vergleiche &#10003 Testberichte &#10003","og_description":"Du bist auf der Suche nach einem Koi Futterautomaten? Bestseller &#10003 Vergleiche &#10003 Testberichte &#10003 Alles Wichtige findest Du hier!","og_url":"https:\/\/koi-futterautomat.de\/","og_site_name":"Koi-Futterautomat","article_modified_time":"2018-01-14T03:39:19+00:00","twitter_card":"summary_large_image","twitter_misc":{"Gesch\u00e4tzte Lesezeit":"1\u00a0Minute"},"schema":{"@context":"https:\/\/schema.org","@graph":[{"@type":"WebPage","@id":"https:\/\/koi-futterautomat.de\/","url":"https:\/\/koi-futterautomat.de\/","name":"Koi Futterautomat - Bestseller &#10003 Vergleiche &#10003 Testberichte &#10003","isPartOf":{"@id":"https:\/\/koi-futterautomat.de\/#website"},"datePublished":"2017-03-21T06:49:51+00:00","dateModified":"2018-01-14T03:39:19+00:00","description":"Du bist auf der Suche nach einem Koi Futterautomaten? Bestseller &#10003 Vergleiche &#10003 Testberichte &#10003 Alles Wichtige findest Du hier!","breadcrumb":{"@id":"https:\/\/koi-futterautomat.de\/#breadcrumb"},"inLanguage":"de","potentialAction":[{"@type":"ReadAction","target":["https:\/\/koi-futterautomat.de\/"]}]},{"@type":"BreadcrumbList","@id":"https:\/\/koi-futterautomat.de\/#breadcrumb","itemListElement":[{"@type":"ListItem","position":1,"name":"Startseite","item":"https:\/\/koi-futterautomat.de\/"},{"@type":"ListItem","position":2,"name":"Koi Futterautomat"}]},{"@type":"WebSite","@id":"https:\/\/koi-futterautomat.de\/#website","url":"https:\/\/koi-futterautomat.de\/","name":"Koi-Futterautomat","description":"Futterautomaten f\u00fcr den Koiteich","potentialAction":[{"@type":"SearchAction","target":{"@type":"EntryPoint","urlTemplate":"https:\/\/koi-futterautomat.de\/?s={search_term_string}"},"query-input":"required name=search_term_string"}],"inLanguage":"de"}]}},"_links":{"self":[{"href":"https:\/\/koi-futterautomat.de\/index.php\/wp-json\/wp\/v2\/pages\/43"}],"collection":[{"href":"https:\/\/koi-futterautomat.de\/index.php\/wp-json\/wp\/v2\/pages"}],"about":[{"href":"https:\/\/koi-futterautomat.de\/index.php\/wp-json\/wp\/v2\/types\/page"}],"author":[{"embeddable":true,"href":"https:\/\/koi-futterautomat.de\/index.php\/wp-json\/wp\/v2\/users\/2"}],"replies":[{"embeddable":true,"href":"https:\/\/koi-futterautomat.de\/index.php\/wp-json\/wp\/v2\/comments?post=43"}],"version-history":[{"count":24,"href":"https:\/\/koi-futterautomat.de\/index.php\/wp-json\/wp\/v2\/pages\/43\/revisions"}],"predecessor-version":[{"id":506,"href":"https:\/\/koi-futterautomat.de\/index.php\/wp-json\/wp\/v2\/pages\/43\/revisions\/506"}],"wp:attachment":[{"href":"https:\/\/koi-futterautomat.de\/index.php\/wp-json\/wp\/v2\/media?parent=43"}],"curies":[{"name":"wp","href":"https:\/\/api.w.org\/{rel}","templated":true}]}}